{"id":48170,"date":"2022-08-14T07:47:37","date_gmt":"2022-08-14T07:47:37","guid":{"rendered":"http:\/\/masterstudy.stylemixthemes.com\/lms-plugin\/\/home-2\/"},"modified":"2025-10-27T09:55:49","modified_gmt":"2025-10-27T08:55:49","slug":"home-2","status":"publish","type":"page","link":"https:\/\/www.powr-formations.fr\/","title":{"rendered":"Acccueil"},"content":{"rendered":"\t\t<div data-elementor-type=\"wp-page\" data-elementor-id=\"48170\" class=\"elementor elementor-48170\">\n\t\t\t\t\t\t<section class=\"elementor-section elementor-top-section elementor-element elementor-element-57d2041e elementor-section-full_width elementor-section-content-middle elementor-section-height-default elementor-section-height-default\" data-id=\"57d2041e\" data-element_type=\"section\" data-settings=\"{&quot;background_background&quot;:&quot;classic&quot;,&quot;animation_tablet&quot;:&quot;fadeIn&quot;}\">\n\t\t\t\t\t\t\t<div class=\"elementor-background-overlay\"><\/div>\n\t\t\t\t\t\t\t<div class=\"elementor-container elementor-column-gap-default\">\n\t\t\t\t\t<div class=\"elementor-column elementor-col-100 elementor-top-column elementor-element elementor-element-3fef4113\" data-id=\"3fef4113\" data-element_type=\"column\" data-settings=\"{&quot;background_background&quot;:&quot;slideshow&quot;,&quot;background_slideshow_gallery&quot;:[],&quot;background_slideshow_slide_duration&quot;:5000,&quot;background_slideshow_slide_transition&quot;:&quot;fade&quot;,&quot;background_slideshow_transition_duration&quot;:500}\">\n\t\t\t<div class=\"elementor-widget-wrap elementor-element-populated\">\n\t\t\t\t\t\t<section class=\"elementor-section elementor-inner-section elementor-element elementor-element-230ec491 elementor-section-content-middle elementor-section-boxed elementor-section-height-default elementor-section-height-default\" data-id=\"230ec491\" data-element_type=\"section\">\n\t\t\t\t\t\t<div class=\"elementor-container elementor-column-gap-default\">\n\t\t\t\t\t<div class=\"elementor-column elementor-col-100 elementor-inner-column elementor-element elementor-element-496ef826\" data-id=\"496ef826\" data-element_type=\"column\">\n\t\t\t<div class=\"elementor-widget-wrap elementor-element-populated\">\n\t\t\t\t\t\t<div class=\"elementor-element elementor-element-7e98b598 elementor-widget-mobile__width-initial elementor-invisible elementor-widget elementor-widget-heading\" data-id=\"7e98b598\" data-element_type=\"widget\" data-settings=\"{&quot;_animation&quot;:&quot;fadeIn&quot;}\" data-widget_type=\"heading.default\">\n\t\t\t\t<div class=\"elementor-widget-container\">\n\t\t\t\t\t<h2 class=\"elementor-heading-title elementor-size-default\">Bienvenue sur le site  POwR Formations<\/h2>\t\t\t\t<\/div>\n\t\t\t\t<\/div>\n\t\t\t\t<div class=\"elementor-element elementor-element-4ef27971 elementor-widget__width-initial elementor-widget-mobile__width-initial elementor-invisible elementor-widget elementor-widget-text-editor\" data-id=\"4ef27971\" data-element_type=\"widget\" data-settings=\"{&quot;_animation&quot;:&quot;fadeIn&quot;}\" data-widget_type=\"text-editor.default\">\n\t\t\t\t<div class=\"elementor-widget-container\">\n\t\t\t\t\t\t\t\t\t<p>D\u00e9bloquez des connaissances et des comp\u00e9tences gr\u00e2ce \u00e0 de nombreux cours, du d\u00e9butant au plus exp\u00e9riment\u00e9 !<\/p>\t\t\t\t\t\t\t\t<\/div>\n\t\t\t\t<\/div>\n\t\t\t\t<div class=\"elementor-element elementor-element-6c161aa4 elementor-invisible elementor-widget elementor-widget-button\" data-id=\"6c161aa4\" data-element_type=\"widget\" data-settings=\"{&quot;_animation&quot;:&quot;fadeIn&quot;}\" data-widget_type=\"button.default\">\n\t\t\t\t<div class=\"elementor-widget-container\">\n\t\t\t\t\t\t\t\t\t<div class=\"elementor-button-wrapper\">\n\t\t\t\t\t<a class=\"elementor-button elementor-button-link elementor-size-sm\" href=\"http:\/\/www.powr-formations.fr\/index.php\/compte-dutilisateur\/\">\n\t\t\t\t\t\t<span class=\"elementor-button-content-wrapper\">\n\t\t\t\t\t\t\t\t\t<span class=\"elementor-button-text\">Se Connecter<\/span>\n\t\t\t\t\t<\/span>\n\t\t\t\t\t<\/a>\n\t\t\t\t<\/div>\n\t\t\t\t\t\t\t\t<\/div>\n\t\t\t\t<\/div>\n\t\t\t\t\t<\/div>\n\t\t<\/div>\n\t\t\t\t\t<\/div>\n\t\t<\/section>\n\t\t\t\t\t<\/div>\n\t\t<\/div>\n\t\t\t\t\t<\/div>\n\t\t<\/section>\n\t\t\t\t<section class=\"elementor-section elementor-top-section elementor-element elementor-element-37a4ff1d elementor-section-boxed elementor-section-height-default elementor-section-height-default\" data-id=\"37a4ff1d\" data-element_type=\"section\">\n\t\t\t\t\t\t<div class=\"elementor-container elementor-column-gap-default\">\n\t\t\t\t\t<div class=\"elementor-column elementor-col-100 elementor-top-column elementor-element elementor-element-5d30ca56\" data-id=\"5d30ca56\" data-element_type=\"column\">\n\t\t\t<div class=\"elementor-widget-wrap elementor-element-populated\">\n\t\t\t\t\t\t<div class=\"elementor-element elementor-element-2f86f2a2 elementor-widget elementor-widget-ms_lms_courses\" data-id=\"2f86f2a2\" data-element_type=\"widget\" data-settings=\"{&quot;cards_to_show&quot;:4,&quot;type&quot;:&quot;courses-grid&quot;,&quot;cards_to_show_featured&quot;:0,&quot;slides_to_scroll&quot;:&quot;25%&quot;,&quot;slides_to_scroll_tablet&quot;:&quot;33.333333%&quot;,&quot;slides_to_scroll_mobile&quot;:&quot;100%&quot;,&quot;loop&quot;:&quot;true&quot;,&quot;course_card_presets&quot;:&quot;card-style-1&quot;,&quot;cards_to_show_choice&quot;:&quot;number&quot;,&quot;cards_to_show_choice_featured&quot;:&quot;number&quot;,&quot;sort_by&quot;:&quot;date_high&quot;,&quot;show_category&quot;:&quot;yes&quot;,&quot;show_progress&quot;:&quot;yes&quot;,&quot;show_divider&quot;:&quot;yes&quot;,&quot;show_rating&quot;:&quot;yes&quot;,&quot;show_price&quot;:&quot;yes&quot;,&quot;show_slots&quot;:&quot;yes&quot;,&quot;card_slot_1&quot;:&quot;current-students&quot;,&quot;card_slot_2&quot;:&quot;views&quot;,&quot;featured_position&quot;:&quot;left&quot;,&quot;status_presets&quot;:&quot;status_style_1&quot;,&quot;status_position&quot;:&quot;right&quot;,&quot;show_popup&quot;:&quot;yes&quot;,&quot;popup_show_author_name&quot;:&quot;yes&quot;,&quot;popup_show_author_image&quot;:&quot;yes&quot;,&quot;popup_show_excerpt&quot;:&quot;yes&quot;,&quot;popup_show_slots&quot;:&quot;yes&quot;,&quot;popup_slot_1&quot;:&quot;level&quot;,&quot;popup_slot_2&quot;:&quot;lectures&quot;,&quot;popup_slot_3&quot;:&quot;duration&quot;,&quot;popup_show_wishlist&quot;:&quot;yes&quot;,&quot;popup_show_price&quot;:&quot;yes&quot;,&quot;show_instructor_label&quot;:&quot;yes&quot;,&quot;show_instructor_position&quot;:&quot;yes&quot;,&quot;show_instructor_bio&quot;:&quot;yes&quot;,&quot;course_image_size&quot;:{&quot;width&quot;:&quot;&quot;,&quot;height&quot;:&quot;&quot;}}\" data-widget_type=\"ms_lms_courses.default\">\n\t\t\t\t<div class=\"elementor-widget-container\">\n\t\t\t\t\t<div class=\"ms_lms_courses_grid\">\n\t\t\t<div class=\"ms_lms_courses_grid__title style_1\">\n\t\t\t<h2>\n\t\t\t\tCours les plus consult\u00e9s\t\t\t<\/h2>\n\t\t\t\t\t<\/div>\n\t\t<div class=\"ms_lms_courses_grid__content  title_style_1\">\n\t\t<div class=\"ms_lms_courses_card_wrapper\">\n\t\t\t<div class=\"ms_lms_courses_card card-style-1\">\n\t\t\t\t\t<div class=\"ms_lms_courses_card_item  \">\n\t\t<div class=\"ms_lms_courses_card_item_wrapper\">\n\t\t\t\t\t\t<a href=\"https:\/\/www.powr-formations.fr\/index.php\/page-des-cours\/https-www-powr-formations-fr-index-php-cours-sur-les-onduleurs\/\" class=\"ms_lms_courses_card_item_image_link\">\n\t\t\t\t<img decoding=\"async\" src=\"https:\/\/www.powr-formations.fr\/wp-content\/uploads\/2026\/01\/Capture-decran-2025-10-01-115727.png\" class=\"ms_lms_courses_card_item_image\">\t\t\t<\/a>\n\t\t\t<div class=\"ms_lms_courses_card_item_info\">\n\t\t\t\t\t\t\t\t\t<span class=\"ms_lms_courses_card_item_info_category\">\n\t\t\t\t\t\t<a href=\"https:\/\/www.powr-formations.fr\/index.php\/page-des-cours\/?terms%5B%5D=6&#038;category%5B%5D=6\">\n\t\t\t\t\t\t\tOnduleur\t\t\t\t\t\t<\/a>\n\t\t\t\t\t<\/span>\n\t\t\t\t\t\t\t\t\t<a href=\"https:\/\/www.powr-formations.fr\/index.php\/page-des-cours\/https-www-powr-formations-fr-index-php-cours-sur-les-onduleurs\/\" class=\"ms_lms_courses_card_item_info_title\">\n\t\t\t\t\t\t<h3>Cours sur les onduleurs<\/h3>\n\t\t\t\t\t<\/a>\n\t\t\t\t\t\t\t\t\t<div class=\"ms_lms_courses_card_item_info_meta\">\n\t\t\t\t\t\t<div class=\"ms_lms_courses_card_item_meta_block\">\n\t<i class=\"stmlms-members\"><\/i>\n<span>3<\/span>\n<\/div>\n<div class=\"ms_lms_courses_card_item_meta_block\">\n\t<i class=\"stmlms-views\"><\/i>\n<span>178<\/span>\n<\/div>\n\t\t\t\t\t<\/div>\n\t\t\t\t\t\t\t\t\t\t<span class=\"ms_lms_courses_card_item_info_divider\"><\/span>\n\t\t\t\t\t\t\t\t\t\t<div class=\"ms_lms_courses_card_item_info_bottom_wrapper\">\n\t\t\t\t\t\t<div class=\"ms_lms_courses_card_item_info_rating\">\n\t<div class=\"ms_lms_courses_card_item_info_rating_stars\">\n\t\t<div class=\"ms_lms_courses_card_item_info_rating_stars_filled\" style=\"width: 0%;\"><\/div>\n\t<\/div>\n\t<div class=\"ms_lms_courses_card_item_info_rating_quantity\">\n\t\t<span>0.0<\/span>\n\t<\/div>\n<\/div>\n\t<div class=\"ms_lms_courses_card_item_info_price \">\n\t\t\t\t\t<div class=\"ms_lms_courses_card_item_info_price_single\">\n\t\t\t\t<span>Gratuit<\/span>\n\t\t\t<\/div>\n\t\t\t<\/div>\n\t\t\t\t\t\t<\/div>\n\t\t\t\t\t\t\t<\/div>\n\t\t<\/div>\n\t\t<div class=\"ms_lms_courses_card_item_popup\">\n\t\t\t<div class=\"ms_lms_courses_card_item_popup_author\">\n\t\t\t\t\t\t\t<img decoding=\"async\" src=\"https:\/\/secure.gravatar.com\/avatar\/8e58d884025b68b237f33e803e9254cc40b5a96d4a2c2cc9a881728754c99fb3?s=215&#038;d=mm&#038;r=g\">\n\t\t\t\t\t\t\t\t<span class=\"ms_lms_courses_card_item_popup_author_name\">Mathieu FOURE<\/span>\n\t\t\t\t\t<\/div>\n\t\t<a href=\"https:\/\/www.powr-formations.fr\/index.php\/page-des-cours\/https-www-powr-formations-fr-index-php-cours-sur-les-onduleurs\/\" class=\"ms_lms_courses_card_item_popup_title\">\n\t\t<h3>Cours sur les onduleurs<\/h3>\n\t<\/a>\n\t\t\t<div class=\"ms_lms_courses_card_item_popup_meta\">\n\t\t\t<div class=\"ms_lms_courses_card_item_meta_block\">\n\t<i class=\"stmlms-levels\"><\/i>\n<span>Interm\u00e9diaire<\/span>\n<\/div>\n<div class=\"ms_lms_courses_card_item_meta_block\">\n\t<i class=\"stmlms-cats\"><\/i>\n<span>\n\t6 Conf\u00e9rences<\/span>\n<\/div>\n<div class=\"ms_lms_courses_card_item_meta_block\">\n\t<i class=\"stmlms-lms-clocks\"><\/i>\n<span>0 Heures d&#039;ouverture<\/span>\n<\/div>\n\t\t<\/div>\n\t\t<div class=\"ms_lms_courses_card_item_popup_button_wrapper\">\n\t\t<a href=\"https:\/\/www.powr-formations.fr\/index.php\/page-des-cours\/https-www-powr-formations-fr-index-php-cours-sur-les-onduleurs\/\" class=\"ms_lms_courses_card_item_popup_button\">\n\t\t\t<span>Pr\u00e9visualisez ce cours<\/span>\n\t\t\t\t\t<\/a>\n\n\t\t\t\t\t<div class=\"ms_lms_courses_card_item_popup_bottom_wrapper\">\n\t\t\t\t\t\t\t\t\t\t\t<div class=\"ms_lms_courses_card_item_popup_wishlist\">\n\t\t\t\t\t\t\t\t<div class=\"stm-lms-wishlist\">\n\t\t<a href=\"https:\/\/www.powr-formations.fr\/index.php\/compte-dutilisateur\/\">\n\t\t\t<i class=\"stmlms-heart-3\"><\/i>\n\t\t\t<span>Ajouter \u00e0 la liste de souhaits<\/span>\n\t\t<\/a>\n\t<\/div>\n\t\t\t\t\t\t\t\t<\/div>\n\t\t\t\t\t\t\t\t<div class=\"ms_lms_courses_card_item_popup_price\">\n\t\t<div class=\"ms_lms_courses_card_item_popup_price_single\">\n\t\t\t<span>Gratuit<\/span>\n\t\t<\/div>\n\t<\/div>\n\t\t\t\t<\/div>\n\t\t\t<\/div>\n<\/div>\n\t<\/div>\n\t\t<div class=\"ms_lms_courses_card_item  \">\n\t\t<div class=\"ms_lms_courses_card_item_wrapper\">\n\t\t\t\t\t\t<a href=\"https:\/\/www.powr-formations.fr\/index.php\/page-des-cours\/https-www-powr-formations-fr-index-php-facteur-de-puissance\/\" class=\"ms_lms_courses_card_item_image_link\">\n\t\t\t\t<img decoding=\"async\" src=\"https:\/\/www.powr-formations.fr\/wp-content\/uploads\/2026\/01\/facteur-de-puissance.webp\" class=\"ms_lms_courses_card_item_image\">\t\t\t<\/a>\n\t\t\t<div class=\"ms_lms_courses_card_item_info\">\n\t\t\t\t\t\t\t\t\t<span class=\"ms_lms_courses_card_item_info_category\">\n\t\t\t\t\t\t<a href=\"https:\/\/www.powr-formations.fr\/index.php\/page-des-cours\/?terms%5B%5D=19&#038;category%5B%5D=19\">\n\t\t\t\t\t\t\tParam\u00e9trage\t\t\t\t\t\t<\/a>\n\t\t\t\t\t<\/span>\n\t\t\t\t\t\t\t\t\t<a href=\"https:\/\/www.powr-formations.fr\/index.php\/page-des-cours\/https-www-powr-formations-fr-index-php-facteur-de-puissance\/\" class=\"ms_lms_courses_card_item_info_title\">\n\t\t\t\t\t\t<h3>Facteur de puissance<\/h3>\n\t\t\t\t\t<\/a>\n\t\t\t\t\t\t\t\t\t<div class=\"ms_lms_courses_card_item_info_meta\">\n\t\t\t\t\t\t<div class=\"ms_lms_courses_card_item_meta_block\">\n\t<i class=\"stmlms-members\"><\/i>\n<span>4<\/span>\n<\/div>\n<div class=\"ms_lms_courses_card_item_meta_block\">\n\t<i class=\"stmlms-views\"><\/i>\n<span>90<\/span>\n<\/div>\n\t\t\t\t\t<\/div>\n\t\t\t\t\t\t\t\t\t\t<span class=\"ms_lms_courses_card_item_info_divider\"><\/span>\n\t\t\t\t\t\t\t\t\t\t<div class=\"ms_lms_courses_card_item_info_bottom_wrapper\">\n\t\t\t\t\t\t<div class=\"ms_lms_courses_card_item_info_rating\">\n\t<div class=\"ms_lms_courses_card_item_info_rating_stars\">\n\t\t<div class=\"ms_lms_courses_card_item_info_rating_stars_filled\" style=\"width: 0%;\"><\/div>\n\t<\/div>\n\t<div class=\"ms_lms_courses_card_item_info_rating_quantity\">\n\t\t<span>0.0<\/span>\n\t<\/div>\n<\/div>\n\t<div class=\"ms_lms_courses_card_item_info_price \">\n\t\t\t\t\t<div class=\"ms_lms_courses_card_item_info_price_single\">\n\t\t\t\t<span>Gratuit<\/span>\n\t\t\t<\/div>\n\t\t\t<\/div>\n\t\t\t\t\t\t<\/div>\n\t\t\t\t\t\t\t<\/div>\n\t\t<\/div>\n\t\t<div class=\"ms_lms_courses_card_item_popup\">\n\t\t\t<div class=\"ms_lms_courses_card_item_popup_author\">\n\t\t\t\t\t\t\t<img decoding=\"async\" src=\"https:\/\/secure.gravatar.com\/avatar\/8e58d884025b68b237f33e803e9254cc40b5a96d4a2c2cc9a881728754c99fb3?s=215&#038;d=mm&#038;r=g\">\n\t\t\t\t\t\t\t\t<span class=\"ms_lms_courses_card_item_popup_author_name\">Mathieu FOURE<\/span>\n\t\t\t\t\t<\/div>\n\t\t<a href=\"https:\/\/www.powr-formations.fr\/index.php\/page-des-cours\/https-www-powr-formations-fr-index-php-facteur-de-puissance\/\" class=\"ms_lms_courses_card_item_popup_title\">\n\t\t<h3>Facteur de puissance<\/h3>\n\t<\/a>\n\t\t\t<div class=\"ms_lms_courses_card_item_popup_meta\">\n\t\t\t<div class=\"ms_lms_courses_card_item_meta_block\">\n\t<i class=\"stmlms-levels\"><\/i>\n<span>Interm\u00e9diaire<\/span>\n<\/div>\n<div class=\"ms_lms_courses_card_item_meta_block\">\n\t<i class=\"stmlms-cats\"><\/i>\n<span>\n\t6 Conf\u00e9rences<\/span>\n<\/div>\n<div class=\"ms_lms_courses_card_item_meta_block\">\n\t<i class=\"stmlms-lms-clocks\"><\/i>\n<span>0 Heures d&#039;ouverture<\/span>\n<\/div>\n\t\t<\/div>\n\t\t<div class=\"ms_lms_courses_card_item_popup_button_wrapper\">\n\t\t<a href=\"https:\/\/www.powr-formations.fr\/index.php\/page-des-cours\/https-www-powr-formations-fr-index-php-facteur-de-puissance\/\" class=\"ms_lms_courses_card_item_popup_button\">\n\t\t\t<span>Pr\u00e9visualisez ce cours<\/span>\n\t\t\t\t\t<\/a>\n\n\t\t\t\t\t<div class=\"ms_lms_courses_card_item_popup_bottom_wrapper\">\n\t\t\t\t\t\t\t\t\t\t\t<div class=\"ms_lms_courses_card_item_popup_wishlist\">\n\t\t\t\t\t\t\t\t<div class=\"stm-lms-wishlist\">\n\t\t<a href=\"https:\/\/www.powr-formations.fr\/index.php\/compte-dutilisateur\/\">\n\t\t\t<i class=\"stmlms-heart-3\"><\/i>\n\t\t\t<span>Ajouter \u00e0 la liste de souhaits<\/span>\n\t\t<\/a>\n\t<\/div>\n\t\t\t\t\t\t\t\t<\/div>\n\t\t\t\t\t\t\t\t<div class=\"ms_lms_courses_card_item_popup_price\">\n\t\t<div class=\"ms_lms_courses_card_item_popup_price_single\">\n\t\t\t<span>Gratuit<\/span>\n\t\t<\/div>\n\t<\/div>\n\t\t\t\t<\/div>\n\t\t\t<\/div>\n<\/div>\n\t<\/div>\n\t\t<div class=\"ms_lms_courses_card_item  \">\n\t\t<div class=\"ms_lms_courses_card_item_wrapper\">\n\t\t\t\t\t\t<a href=\"https:\/\/www.powr-formations.fr\/index.php\/page-des-cours\/batteries-sungrow-sbh-and-sbs\/\" class=\"ms_lms_courses_card_item_image_link\">\n\t\t\t\t<img decoding=\"async\" src=\"https:\/\/www.powr-formations.fr\/wp-content\/uploads\/2026\/01\/sungrow-battery.jpg\" class=\"ms_lms_courses_card_item_image\">\t\t\t<\/a>\n\t\t\t<div class=\"ms_lms_courses_card_item_info\">\n\t\t\t\t\t\t\t\t\t<span class=\"ms_lms_courses_card_item_info_category\">\n\t\t\t\t\t\t<a href=\"https:\/\/www.powr-formations.fr\/index.php\/page-des-cours\/?terms%5B%5D=7&#038;category%5B%5D=7\">\n\t\t\t\t\t\t\tStockage\t\t\t\t\t\t<\/a>\n\t\t\t\t\t<\/span>\n\t\t\t\t\t\t\t\t\t<a href=\"https:\/\/www.powr-formations.fr\/index.php\/page-des-cours\/batteries-sungrow-sbh-and-sbs\/\" class=\"ms_lms_courses_card_item_info_title\">\n\t\t\t\t\t\t<h3>Batteries  Sungrow SBH &amp; SBS<\/h3>\n\t\t\t\t\t<\/a>\n\t\t\t\t\t\t\t\t\t<div class=\"ms_lms_courses_card_item_info_meta\">\n\t\t\t\t\t\t<div class=\"ms_lms_courses_card_item_meta_block\">\n\t<i class=\"stmlms-members\"><\/i>\n<span>3<\/span>\n<\/div>\n<div class=\"ms_lms_courses_card_item_meta_block\">\n\t<i class=\"stmlms-views\"><\/i>\n<span>101<\/span>\n<\/div>\n\t\t\t\t\t<\/div>\n\t\t\t\t\t\t\t\t\t\t<span class=\"ms_lms_courses_card_item_info_divider\"><\/span>\n\t\t\t\t\t\t\t\t\t\t<div class=\"ms_lms_courses_card_item_info_bottom_wrapper\">\n\t\t\t\t\t\t<div class=\"ms_lms_courses_card_item_info_rating\">\n\t<div class=\"ms_lms_courses_card_item_info_rating_stars\">\n\t\t<div class=\"ms_lms_courses_card_item_info_rating_stars_filled\" style=\"width: 0%;\"><\/div>\n\t<\/div>\n\t<div class=\"ms_lms_courses_card_item_info_rating_quantity\">\n\t\t<span>0.0<\/span>\n\t<\/div>\n<\/div>\n\t<div class=\"ms_lms_courses_card_item_info_price \">\n\t\t\t\t\t<div class=\"ms_lms_courses_card_item_info_price_single\">\n\t\t\t\t<span>Gratuit<\/span>\n\t\t\t<\/div>\n\t\t\t<\/div>\n\t\t\t\t\t\t<\/div>\n\t\t\t\t\t\t\t<\/div>\n\t\t<\/div>\n\t\t<div class=\"ms_lms_courses_card_item_popup\">\n\t\t\t<div class=\"ms_lms_courses_card_item_popup_author\">\n\t\t\t\t\t\t\t<img decoding=\"async\" src=\"https:\/\/secure.gravatar.com\/avatar\/8e58d884025b68b237f33e803e9254cc40b5a96d4a2c2cc9a881728754c99fb3?s=215&#038;d=mm&#038;r=g\">\n\t\t\t\t\t\t\t\t<span class=\"ms_lms_courses_card_item_popup_author_name\">Mathieu FOURE<\/span>\n\t\t\t\t\t<\/div>\n\t\t<a href=\"https:\/\/www.powr-formations.fr\/index.php\/page-des-cours\/batteries-sungrow-sbh-and-sbs\/\" class=\"ms_lms_courses_card_item_popup_title\">\n\t\t<h3>Batteries  Sungrow SBH &amp; SBS<\/h3>\n\t<\/a>\n\t\t\t<div class=\"ms_lms_courses_card_item_popup_meta\">\n\t\t\t<div class=\"ms_lms_courses_card_item_meta_block\">\n\t<i class=\"stmlms-levels\"><\/i>\n<span>D\u00e9butant<\/span>\n<\/div>\n<div class=\"ms_lms_courses_card_item_meta_block\">\n\t<i class=\"stmlms-cats\"><\/i>\n<span>\n\t7 Conf\u00e9rences<\/span>\n<\/div>\n<div class=\"ms_lms_courses_card_item_meta_block\">\n\t<i class=\"stmlms-lms-clocks\"><\/i>\n<span>0 Heures d&#039;ouverture<\/span>\n<\/div>\n\t\t<\/div>\n\t\t<div class=\"ms_lms_courses_card_item_popup_button_wrapper\">\n\t\t<a href=\"https:\/\/www.powr-formations.fr\/index.php\/page-des-cours\/batteries-sungrow-sbh-and-sbs\/\" class=\"ms_lms_courses_card_item_popup_button\">\n\t\t\t<span>Pr\u00e9visualisez ce cours<\/span>\n\t\t\t\t\t<\/a>\n\n\t\t\t\t\t<div class=\"ms_lms_courses_card_item_popup_bottom_wrapper\">\n\t\t\t\t\t\t\t\t\t\t\t<div class=\"ms_lms_courses_card_item_popup_wishlist\">\n\t\t\t\t\t\t\t\t<div class=\"stm-lms-wishlist\">\n\t\t<a href=\"https:\/\/www.powr-formations.fr\/index.php\/compte-dutilisateur\/\">\n\t\t\t<i class=\"stmlms-heart-3\"><\/i>\n\t\t\t<span>Ajouter \u00e0 la liste de souhaits<\/span>\n\t\t<\/a>\n\t<\/div>\n\t\t\t\t\t\t\t\t<\/div>\n\t\t\t\t\t\t\t\t<div class=\"ms_lms_courses_card_item_popup_price\">\n\t\t<div class=\"ms_lms_courses_card_item_popup_price_single\">\n\t\t\t<span>Gratuit<\/span>\n\t\t<\/div>\n\t<\/div>\n\t\t\t\t<\/div>\n\t\t\t<\/div>\n<\/div>\n\t<\/div>\n\t\t<div class=\"ms_lms_courses_card_item  \">\n\t\t<div class=\"ms_lms_courses_card_item_wrapper\">\n\t\t\t\t\t\t<a href=\"https:\/\/www.powr-formations.fr\/index.php\/page-des-cours\/glossaire\/\" class=\"ms_lms_courses_card_item_image_link\">\n\t\t\t\t<img decoding=\"async\" src=\"https:\/\/www.powr-formations.fr\/wp-content\/uploads\/2025\/10\/test2.png\" class=\"ms_lms_courses_card_item_image\">\t\t\t<\/a>\n\t\t\t<div class=\"ms_lms_courses_card_item_info\">\n\t\t\t\t\t\t\t\t\t<span class=\"ms_lms_courses_card_item_info_category\">\n\t\t\t\t\t\t<a href=\"https:\/\/www.powr-formations.fr\/index.php\/page-des-cours\/?terms%5B%5D=23&#038;category%5B%5D=23\">\n\t\t\t\t\t\t\tFondamentaux\t\t\t\t\t\t<\/a>\n\t\t\t\t\t<\/span>\n\t\t\t\t\t\t\t\t\t<a href=\"https:\/\/www.powr-formations.fr\/index.php\/page-des-cours\/glossaire\/\" class=\"ms_lms_courses_card_item_info_title\">\n\t\t\t\t\t\t<h3>Glossaire<\/h3>\n\t\t\t\t\t<\/a>\n\t\t\t\t\t\t\t\t\t<div class=\"ms_lms_courses_card_item_info_meta\">\n\t\t\t\t\t\t<div class=\"ms_lms_courses_card_item_meta_block\">\n\t<i class=\"stmlms-members\"><\/i>\n<span>10<\/span>\n<\/div>\n<div class=\"ms_lms_courses_card_item_meta_block\">\n\t<i class=\"stmlms-views\"><\/i>\n<span>97<\/span>\n<\/div>\n\t\t\t\t\t<\/div>\n\t\t\t\t\t\t\t\t\t\t<span class=\"ms_lms_courses_card_item_info_divider\"><\/span>\n\t\t\t\t\t\t\t\t\t\t<div class=\"ms_lms_courses_card_item_info_bottom_wrapper\">\n\t\t\t\t\t\t<div class=\"ms_lms_courses_card_item_info_rating\">\n\t<div class=\"ms_lms_courses_card_item_info_rating_stars\">\n\t\t<div class=\"ms_lms_courses_card_item_info_rating_stars_filled\" style=\"width: 0%;\"><\/div>\n\t<\/div>\n\t<div class=\"ms_lms_courses_card_item_info_rating_quantity\">\n\t\t<span>0.0<\/span>\n\t<\/div>\n<\/div>\n\t<div class=\"ms_lms_courses_card_item_info_price \">\n\t\t\t\t\t<div class=\"ms_lms_courses_card_item_info_price_single\">\n\t\t\t\t<span>Gratuit<\/span>\n\t\t\t<\/div>\n\t\t\t<\/div>\n\t\t\t\t\t\t<\/div>\n\t\t\t\t\t\t\t<\/div>\n\t\t<\/div>\n\t\t<div class=\"ms_lms_courses_card_item_popup\">\n\t\t\t<div class=\"ms_lms_courses_card_item_popup_author\">\n\t\t\t\t\t\t\t<img decoding=\"async\" src=\"https:\/\/secure.gravatar.com\/avatar\/ab64db3166dbba96376410dbf26348e976111eb813d5a72237199939d653bf3b?s=215&#038;d=mm&#038;r=g\">\n\t\t\t\t\t\t\t\t<span class=\"ms_lms_courses_card_item_popup_author_name\">Charlie KAMEL<\/span>\n\t\t\t\t\t<\/div>\n\t\t<a href=\"https:\/\/www.powr-formations.fr\/index.php\/page-des-cours\/glossaire\/\" class=\"ms_lms_courses_card_item_popup_title\">\n\t\t<h3>Glossaire<\/h3>\n\t<\/a>\n\t\t\t<div class=\"ms_lms_courses_card_item_popup_meta\">\n\t\t\t<div class=\"ms_lms_courses_card_item_meta_block\">\n\t<i class=\"stmlms-levels\"><\/i>\n<span>No Level<\/span>\n<\/div>\n<div class=\"ms_lms_courses_card_item_meta_block\">\n\t<i class=\"stmlms-cats\"><\/i>\n<span>\n\t2 Conf\u00e9rences<\/span>\n<\/div>\n<div class=\"ms_lms_courses_card_item_meta_block\">\n\t<i class=\"stmlms-lms-clocks\"><\/i>\n<span>0 Heures d&#039;ouverture<\/span>\n<\/div>\n\t\t<\/div>\n\t\t<div class=\"ms_lms_courses_card_item_popup_button_wrapper\">\n\t\t<a href=\"https:\/\/www.powr-formations.fr\/index.php\/page-des-cours\/glossaire\/\" class=\"ms_lms_courses_card_item_popup_button\">\n\t\t\t<span>Pr\u00e9visualisez ce cours<\/span>\n\t\t\t\t\t<\/a>\n\n\t\t\t\t\t<div class=\"ms_lms_courses_card_item_popup_bottom_wrapper\">\n\t\t\t\t\t\t\t\t\t\t\t<div class=\"ms_lms_courses_card_item_popup_wishlist\">\n\t\t\t\t\t\t\t\t<div class=\"stm-lms-wishlist\">\n\t\t<a href=\"https:\/\/www.powr-formations.fr\/index.php\/compte-dutilisateur\/\">\n\t\t\t<i class=\"stmlms-heart-3\"><\/i>\n\t\t\t<span>Ajouter \u00e0 la liste de souhaits<\/span>\n\t\t<\/a>\n\t<\/div>\n\t\t\t\t\t\t\t\t<\/div>\n\t\t\t\t\t\t\t\t<div class=\"ms_lms_courses_card_item_popup_price\">\n\t\t<div class=\"ms_lms_courses_card_item_popup_price_single\">\n\t\t\t<span>Gratuit<\/span>\n\t\t<\/div>\n\t<\/div>\n\t\t\t\t<\/div>\n\t\t\t<\/div>\n<\/div>\n\t<\/div>\n\t\t\t\t<\/div>\n\t\t\t<div class=\"ms_lms_courses_grid__pagination_wrapper\">\n\t\t\t\t\t\t\t<\/div>\n\t\t<\/div>\n\t<\/div>\n<\/div>\n\t\t\t\t<\/div>\n\t\t\t\t<\/div>\n\t\t\t\t\t<\/div>\n\t\t<\/div>\n\t\t\t\t\t<\/div>\n\t\t<\/section>\n\t\t\t\t<section class=\"elementor-section elementor-top-section elementor-element elementor-element-4d697158 elementor-section-full_width elementor-section-height-default elementor-section-height-default\" data-id=\"4d697158\" data-element_type=\"section\">\n\t\t\t\t\t\t<div class=\"elementor-container elementor-column-gap-default\">\n\t\t\t\t\t<div class=\"elementor-column elementor-col-100 elementor-top-column elementor-element elementor-element-5e53f9bb\" data-id=\"5e53f9bb\" data-element_type=\"column\">\n\t\t\t<div class=\"elementor-widget-wrap\">\n\t\t\t\t\t\t\t<\/div>\n\t\t<\/div>\n\t\t\t\t\t<\/div>\n\t\t<\/section>\n\t\t\t\t<section class=\"elementor-section elementor-top-section elementor-element elementor-element-282c2668 elementor-section-full_width elementor-section-content-middle elementor-section-height-default elementor-section-height-default\" data-id=\"282c2668\" data-element_type=\"section\">\n\t\t\t\t\t\t<div class=\"elementor-container elementor-column-gap-default\">\n\t\t\t\t\t<div class=\"elementor-column elementor-col-100 elementor-top-column elementor-element elementor-element-3bbd62ba\" data-id=\"3bbd62ba\" data-element_type=\"column\">\n\t\t\t<div class=\"elementor-widget-wrap\">\n\t\t\t\t\t\t\t<\/div>\n\t\t<\/div>\n\t\t\t\t\t<\/div>\n\t\t<\/section>\n\t\t\t\t<\/div>\n\t\t","protected":false},"excerpt":{"rendered":"<p>Bienvenue sur le site POwR Formations D\u00e9bloquez des connaissances et des comp\u00e9tences gr\u00e2ce \u00e0 de nombreux cours, du d\u00e9butant au plus exp\u00e9riment\u00e9 ! Se Connecter Cours les plus consult\u00e9s Huawei Huawei 0 25 0.0 Oc\u00e9ane LAMBERT Huawei No Level 2 Conf\u00e9rences 0 Heures d&#039;ouverture Pr\u00e9visualisez ce cours Ajouter \u00e0 la liste de souhaits Nouveau ATMOCE<a href=\"https:\/\/www.powr-formations.fr\/\" class=\"more-link\"><span class=\"screen-reader-text\">Acccueil<\/span><\/a><\/p>\n","protected":false},"author":1,"featured_media":0,"parent":0,"menu_order":0,"comment_status":"closed","ping_status":"closed","template":"elementor_header_footer","meta":{"footnotes":""},"class_list":["post-48170","page","type-page","status-publish","hentry"],"_links":{"self":[{"href":"https:\/\/www.powr-formations.fr\/index.php\/wp-json\/wp\/v2\/pages\/48170","targetHints":{"allow":["GET"]}}],"collection":[{"href":"https:\/\/www.powr-formations.fr\/index.php\/wp-json\/wp\/v2\/pages"}],"about":[{"href":"https:\/\/www.powr-formations.fr\/index.php\/wp-json\/wp\/v2\/types\/page"}],"author":[{"embeddable":true,"href":"https:\/\/www.powr-formations.fr\/index.php\/wp-json\/wp\/v2\/users\/1"}],"replies":[{"embeddable":true,"href":"https:\/\/www.powr-formations.fr\/index.php\/wp-json\/wp\/v2\/comments?post=48170"}],"version-history":[{"count":28,"href":"https:\/\/www.powr-formations.fr\/index.php\/wp-json\/wp\/v2\/pages\/48170\/revisions"}],"predecessor-version":[{"id":54067,"href":"https:\/\/www.powr-formations.fr\/index.php\/wp-json\/wp\/v2\/pages\/48170\/revisions\/54067"}],"wp:attachment":[{"href":"https:\/\/www.powr-formations.fr\/index.php\/wp-json\/wp\/v2\/media?parent=48170"}],"curies":[{"name":"wp","href":"https:\/\/api.w.org\/{rel}","templated":true}]}}